{"id":53,"date":"2021-04-20T10:44:43","date_gmt":"2021-04-20T10:44:43","guid":{"rendered":"https:\/\/dovica.it\/?page_id=53"},"modified":"2022-07-21T11:23:43","modified_gmt":"2022-07-21T11:23:43","slug":"chi-siamo","status":"publish","type":"page","link":"https:\/\/www.dovica.it\/?page_id=53","title":{"rendered":"COME FUNZIONA"},"content":{"rendered":"\n<p class=\"has-medium-font-size\">Dovica \u00e8 l\u2019innovativo portale che <strong>raggruppa l\u2019offerta commerciale dei negozi al dettaglio<\/strong>, trasferendola online.<\/p>\n\n\n\n<p class=\"has-medium-font-size\">Grazie a questo sitoweb e-commerce <strong>puoi acquistare prodotti venduti da diversi negozi e riceverli con un&#8217;unica spedizione<\/strong>, in modo semplice e veloce tutto ci\u00f2 che acquisti lo riceverai in 24\/48h a casa o all&#8217;indirizzo che preferisci.<\/p>\n\n\n\n<p class=\"has-medium-font-size\">Dovica <strong>mette in rete i negozi al dettaglio e genera un&#8217;offerta di prodotti congiunta<\/strong>, aiutando il commercio locale a fronteggiare la concorrenza dei colossi dell&#8217;e-commerce, acquista dai negozianti aderenti e beneficia della convenienza di ricevere pi\u00f9 prodotti in una sola spedizione.<\/p>\n\n\n\n<figure class=\"wp-block-image size-large\"><img loading=\"lazy\" decoding=\"async\" width=\"1024\" height=\"189\" src=\"https:\/\/dovica.it\/wp-content\/uploads\/2021\/05\/negozi-ecommerce-italia-1024x189.png\" alt=\"\" class=\"wp-image-256\" srcset=\"https:\/\/www.dovica.it\/wp-content\/uploads\/2021\/05\/negozi-ecommerce-italia-1024x189.png 1024w, https:\/\/www.dovica.it\/wp-content\/uploads\/2021\/05\/negozi-ecommerce-italia-300x55.png 300w, https:\/\/www.dovica.it\/wp-content\/uploads\/2021\/05\/negozi-ecommerce-italia-768x142.png 768w, https:\/\/www.dovica.it\/wp-content\/uploads\/2021\/05\/negozi-ecommerce-italia-600x111.png 600w, https:\/\/www.dovica.it\/wp-content\/uploads\/2021\/05\/negozi-ecommerce-italia.png 1386w\" sizes=\"auto, (max-width: 1024px) 100vw, 1024px\" \/><\/figure>\n\n\n\n<figure class=\"wp-block-pullquote\"><blockquote><p>ACQUISTA DAI NEGOZI AL DETTAGLIO E RICEVI TUTTO IN UN&#8217;UNICA SPEDIZIONE<\/p><\/blockquote><\/figure>\n\n\n\n<div class=\"wp-block-group\"><div class=\"wp-block-group__inner-container is-layout-flow wp-block-group-is-layout-flow\">\n<div class=\"wp-block-columns is-layout-flex wp-container-core-columns-is-layout-9d6595d7 wp-block-columns-is-layout-flex\">\n<div class=\"wp-block-column is-layout-flow wp-block-column-is-layout-flow\">\n<p class=\"has-medium-font-size\">Grazie alla gestione logistica dei centri GLOBO EXPRESS \u00e8 possibile ricevere i prodotti in un&#8217;unica spedizione tramite corriere espresso <strong>su tutto il territorio nazionale in 24\/48h ed in Belgio, Francia, Germania, Paesi Bassi, Portogallo, Spagna<\/strong>.<\/p>\n\n\n\n<p class=\"has-medium-font-size\">Dal carrello sar\u00e0 possibile scegliere se si tratta di una spedizione di prodotti singoli oppure se sono pi\u00f9 prodotti spediti in un&#8217;unica soluzione, cos\u00ec da ottenere il prezzo di spedizione pi\u00f9 conveniente.<\/p>\n<\/div>\n\n\n\n<div class=\"wp-block-column is-layout-flow wp-block-column-is-layout-flow\">\n<div class=\"wp-block-columns is-layout-flex wp-container-core-columns-is-layout-9d6595d7 wp-block-columns-is-layout-flex\">\n<div class=\"wp-block-column is-layout-flow wp-block-column-is-layout-flow\" style=\"flex-basis:100%\">\n<p class=\"has-text-align-center\" style=\"font-size:18px\"><\/p>\n\n\n\n<figure class=\"wp-block-image size-full\"><img loading=\"lazy\" decoding=\"async\" width=\"400\" height=\"250\" src=\"https:\/\/dovica.it\/wp-content\/uploads\/2022\/07\/logo-globoexpress-hires-edited.jpg\" alt=\"\" class=\"wp-image-690\" srcset=\"https:\/\/www.dovica.it\/wp-content\/uploads\/2022\/07\/logo-globoexpress-hires-edited.jpg 400w, https:\/\/www.dovica.it\/wp-content\/uploads\/2022\/07\/logo-globoexpress-hires-edited-300x188.jpg 300w\" sizes=\"auto, (max-width: 400px) 100vw, 400px\" \/><\/figure>\n<\/div>\n<\/div>\n<\/div>\n<\/div>\n<\/div><\/div>\n\n\n\n<h2 class=\"wp-block-heading\">Apri il un centro GLOBO EXPRESS nel tuo territorio<\/h2>\n\n\n\n<p class=\"has-medium-font-size\">Puoi diventare il punto di riferimento per le spedizioni nel tuo territorio ed offrire la possibilit\u00e0 ai negozianti al dettaglio di vendere online tramite dovica entrando a far parte della rete in franchising GLOBO EXPRESS<\/p>\n\n\n\n<div class=\"wp-block-buttons is-content-justification-center is-layout-flex wp-container-core-buttons-is-layout-16018d1d wp-block-buttons-is-layout-flex\">\n<div class=\"wp-block-button has-custom-width wp-block-button__width-50 has-custom-font-size is-style-fill has-large-font-size\"><a class=\"wp-block-button__link has-white-color has-text-color has-background\" href=\"https:\/\/globoexpress.it\/apri-il-tuo-negozio-in-franchising\/\" style=\"border-radius:25px;background:linear-gradient(180deg,rgba(252,185,0,1) 0%,rgba(255,105,0,1) 100%)\" target=\"_blank\" rel=\"noreferrer noopener\">FRANCHISING<\/a><\/div>\n<\/div>\n","protected":false},"excerpt":{"rendered":"<p>Dovica \u00e8 l\u2019innovativo portale che raggruppa l\u2019offerta commerciale dei negozi al dettaglio, trasferendola online. Grazie a questo sitoweb e-commerce puoi acquistare prodotti venduti da diversi negozi e riceverli con un&#8217;unica spedizione, in modo semplice e veloce tutto ci\u00f2 che acquisti lo riceverai in 24\/48h a casa o all&#8217;indirizzo che preferisci. Dovica mette in rete i [&hellip;]<\/p>\n","protected":false},"author":1,"featured_media":0,"parent":0,"menu_order":0,"comment_status":"closed","ping_status":"closed","template":"","meta":{"footnotes":""},"class_list":["post-53","page","type-page","status-publish","hentry"],"yoast_head":"<!-- This site is optimized with the Yoast SEO plugin v19.6.1 - https:\/\/yoast.com\/wordpress\/plugins\/seo\/ -->\n<title>COME FUNZIONA - Dovica e-commerce locale<\/title>\n<meta name=\"description\" content=\"COME FUNZIONA acquista quello che desideri nel nostro centro commerciale online dove ricevi pi\u00f9 prodotti di diversi negozi in una sola spedizione. Aiuta il commercio locale.\" \/>\n<meta name=\"robots\" content=\"index, follow, max-snippet:-1, max-image-preview:large, max-video-preview:-1\" \/>\n<link rel=\"canonical\" href=\"https:\/\/www.dovica.it\/?page_id=53\" \/>\n<meta property=\"og:locale\" content=\"it_IT\" \/>\n<meta property=\"og:type\" content=\"article\" \/>\n<meta property=\"og:title\" content=\"COME FUNZIONA - Dovica e-commerce locale\" \/>\n<meta property=\"og:description\" content=\"COME FUNZIONA acquista quello che desideri nel nostro centro commerciale online dove ricevi pi\u00f9 prodotti di diversi negozi in una sola spedizione. Aiuta il commercio locale.\" \/>\n<meta property=\"og:url\" content=\"https:\/\/www.dovica.it\/?page_id=53\" \/>\n<meta property=\"og:site_name\" content=\"Dovica e-commerce locale\" \/>\n<meta property=\"article:publisher\" content=\"https:\/\/www.facebook.com\/dovica.shop\" \/>\n<meta property=\"article:modified_time\" content=\"2022-07-21T11:23:43+00:00\" \/>\n<meta property=\"og:image\" content=\"https:\/\/dovica.it\/wp-content\/uploads\/2021\/05\/negozi-ecommerce-italia-1024x189.png\" \/>\n<meta name=\"twitter:card\" content=\"summary_large_image\" \/>\n<meta name=\"twitter:label1\" content=\"Tempo di lettura stimato\" \/>\n\t<meta name=\"twitter:data1\" content=\"2 minuti\" \/>\n<script type=\"application\/ld+json\" class=\"yoast-schema-graph\">{\"@context\":\"https:\/\/schema.org\",\"@graph\":[{\"@type\":\"WebPage\",\"@id\":\"https:\/\/www.dovica.it\/?page_id=53\",\"url\":\"https:\/\/www.dovica.it\/?page_id=53\",\"name\":\"COME FUNZIONA - Dovica e-commerce locale\",\"isPartOf\":{\"@id\":\"https:\/\/www.dovica.it\/#website\"},\"datePublished\":\"2021-04-20T10:44:43+00:00\",\"dateModified\":\"2022-07-21T11:23:43+00:00\",\"description\":\"COME FUNZIONA acquista quello che desideri nel nostro centro commerciale online dove ricevi pi\u00f9 prodotti di diversi negozi in una sola spedizione. Aiuta il commercio locale.\",\"breadcrumb\":{\"@id\":\"https:\/\/www.dovica.it\/?page_id=53#breadcrumb\"},\"inLanguage\":\"it-IT\",\"potentialAction\":[{\"@type\":\"ReadAction\",\"target\":[\"https:\/\/www.dovica.it\/?page_id=53\"]}]},{\"@type\":\"BreadcrumbList\",\"@id\":\"https:\/\/www.dovica.it\/?page_id=53#breadcrumb\",\"itemListElement\":[{\"@type\":\"ListItem\",\"position\":1,\"name\":\"Home\",\"item\":\"https:\/\/www.dovica.it\/\"},{\"@type\":\"ListItem\",\"position\":2,\"name\":\"COME FUNZIONA\"}]},{\"@type\":\"WebSite\",\"@id\":\"https:\/\/www.dovica.it\/#website\",\"url\":\"https:\/\/www.dovica.it\/\",\"name\":\"Dovica e-commerce locale\",\"description\":\"acquista online dai negozi al dettaglio\",\"publisher\":{\"@id\":\"https:\/\/www.dovica.it\/#organization\"},\"potentialAction\":[{\"@type\":\"SearchAction\",\"target\":{\"@type\":\"EntryPoint\",\"urlTemplate\":\"https:\/\/www.dovica.it\/?s={search_term_string}\"},\"query-input\":\"required name=search_term_string\"}],\"inLanguage\":\"it-IT\"},{\"@type\":\"Organization\",\"@id\":\"https:\/\/www.dovica.it\/#organization\",\"name\":\"Dovica\",\"url\":\"https:\/\/www.dovica.it\/\",\"sameAs\":[\"https:\/\/www.facebook.com\/dovica.shop\"],\"logo\":{\"@type\":\"ImageObject\",\"inLanguage\":\"it-IT\",\"@id\":\"https:\/\/www.dovica.it\/#\/schema\/logo\/image\/\",\"url\":\"https:\/\/dovica.it\/wp-content\/uploads\/2021\/04\/dovica-logoheader.png\",\"contentUrl\":\"https:\/\/dovica.it\/wp-content\/uploads\/2021\/04\/dovica-logoheader.png\",\"width\":221,\"height\":79,\"caption\":\"Dovica\"},\"image\":{\"@id\":\"https:\/\/www.dovica.it\/#\/schema\/logo\/image\/\"}}]}<\/script>\n<!-- \/ Yoast SEO plugin. -->","yoast_head_json":{"title":"COME FUNZIONA - Dovica e-commerce locale","description":"COME FUNZIONA acquista quello che desideri nel nostro centro commerciale online dove ricevi pi\u00f9 prodotti di diversi negozi in una sola spedizione. Aiuta il commercio locale.","robots":{"index":"index","follow":"follow","max-snippet":"max-snippet:-1","max-image-preview":"max-image-preview:large","max-video-preview":"max-video-preview:-1"},"canonical":"https:\/\/www.dovica.it\/?page_id=53","og_locale":"it_IT","og_type":"article","og_title":"COME FUNZIONA - Dovica e-commerce locale","og_description":"COME FUNZIONA acquista quello che desideri nel nostro centro commerciale online dove ricevi pi\u00f9 prodotti di diversi negozi in una sola spedizione. Aiuta il commercio locale.","og_url":"https:\/\/www.dovica.it\/?page_id=53","og_site_name":"Dovica e-commerce locale","article_publisher":"https:\/\/www.facebook.com\/dovica.shop","article_modified_time":"2022-07-21T11:23:43+00:00","og_image":[{"url":"https:\/\/dovica.it\/wp-content\/uploads\/2021\/05\/negozi-ecommerce-italia-1024x189.png"}],"twitter_card":"summary_large_image","twitter_misc":{"Tempo di lettura stimato":"2 minuti"},"schema":{"@context":"https:\/\/schema.org","@graph":[{"@type":"WebPage","@id":"https:\/\/www.dovica.it\/?page_id=53","url":"https:\/\/www.dovica.it\/?page_id=53","name":"COME FUNZIONA - Dovica e-commerce locale","isPartOf":{"@id":"https:\/\/www.dovica.it\/#website"},"datePublished":"2021-04-20T10:44:43+00:00","dateModified":"2022-07-21T11:23:43+00:00","description":"COME FUNZIONA acquista quello che desideri nel nostro centro commerciale online dove ricevi pi\u00f9 prodotti di diversi negozi in una sola spedizione. Aiuta il commercio locale.","breadcrumb":{"@id":"https:\/\/www.dovica.it\/?page_id=53#breadcrumb"},"inLanguage":"it-IT","potentialAction":[{"@type":"ReadAction","target":["https:\/\/www.dovica.it\/?page_id=53"]}]},{"@type":"BreadcrumbList","@id":"https:\/\/www.dovica.it\/?page_id=53#breadcrumb","itemListElement":[{"@type":"ListItem","position":1,"name":"Home","item":"https:\/\/www.dovica.it\/"},{"@type":"ListItem","position":2,"name":"COME FUNZIONA"}]},{"@type":"WebSite","@id":"https:\/\/www.dovica.it\/#website","url":"https:\/\/www.dovica.it\/","name":"Dovica e-commerce locale","description":"acquista online dai negozi al dettaglio","publisher":{"@id":"https:\/\/www.dovica.it\/#organization"},"potentialAction":[{"@type":"SearchAction","target":{"@type":"EntryPoint","urlTemplate":"https:\/\/www.dovica.it\/?s={search_term_string}"},"query-input":"required name=search_term_string"}],"inLanguage":"it-IT"},{"@type":"Organization","@id":"https:\/\/www.dovica.it\/#organization","name":"Dovica","url":"https:\/\/www.dovica.it\/","sameAs":["https:\/\/www.facebook.com\/dovica.shop"],"logo":{"@type":"ImageObject","inLanguage":"it-IT","@id":"https:\/\/www.dovica.it\/#\/schema\/logo\/image\/","url":"https:\/\/dovica.it\/wp-content\/uploads\/2021\/04\/dovica-logoheader.png","contentUrl":"https:\/\/dovica.it\/wp-content\/uploads\/2021\/04\/dovica-logoheader.png","width":221,"height":79,"caption":"Dovica"},"image":{"@id":"https:\/\/www.dovica.it\/#\/schema\/logo\/image\/"}}]}},"_links":{"self":[{"href":"https:\/\/www.dovica.it\/index.php?rest_route=\/wp\/v2\/pages\/53","targetHints":{"allow":["GET"]}}],"collection":[{"href":"https:\/\/www.dovica.it\/index.php?rest_route=\/wp\/v2\/pages"}],"about":[{"href":"https:\/\/www.dovica.it\/index.php?rest_route=\/wp\/v2\/types\/page"}],"author":[{"embeddable":true,"href":"https:\/\/www.dovica.it\/index.php?rest_route=\/wp\/v2\/users\/1"}],"replies":[{"embeddable":true,"href":"https:\/\/www.dovica.it\/index.php?rest_route=%2Fwp%2Fv2%2Fcomments&post=53"}],"version-history":[{"count":8,"href":"https:\/\/www.dovica.it\/index.php?rest_route=\/wp\/v2\/pages\/53\/revisions"}],"predecessor-version":[{"id":691,"href":"https:\/\/www.dovica.it\/index.php?rest_route=\/wp\/v2\/pages\/53\/revisions\/691"}],"wp:attachment":[{"href":"https:\/\/www.dovica.it\/index.php?rest_route=%2Fwp%2Fv2%2Fmedia&parent=53"}],"curies":[{"name":"wp","href":"https:\/\/api.w.org\/{rel}","templated":true}]}}